{"id":646,"date":"2025-09-11T08:32:24","date_gmt":"2025-09-11T08:32:24","guid":{"rendered":"https:\/\/innovista.com.vn\/?page_id=646"},"modified":"2025-12-18T03:29:01","modified_gmt":"2025-12-18T03:29:01","slug":"meet-our-teams","status":"publish","type":"page","link":"https:\/\/innovista.com.vn\/vi\/meet-our-teams\/","title":{"rendered":"\u0110\u1ed9i ng\u0169 Innovista"},"content":{"rendered":"<div data-elementor-type=\"wp-page\" data-elementor-id=\"646\" class=\"elementor elementor-646\" data-elementor-post-type=\"page\">\n\t\t\t\t<div class=\"elementor-element elementor-element-519ed36 e-con-full e-flex e-con e-parent\" data-id=\"519ed36\" data-element_type=\"container\">\n\t\t\t\t<div class=\"elementor-element elementor-element-8c71d7b elementor-widget elementor-widget-template\" data-id=\"8c71d7b\" data-element_type=\"widget\" data-widget_type=\"template.default\">\n\t\t\t\t<div class=\"elementor-widget-container\">\n\t\t\t\t\t\t\t<div class=\"elementor-template\">\n\t\t\t\t\t<div data-elementor-type=\"section\" data-elementor-id=\"268\" class=\"elementor elementor-268\" data-elementor-post-type=\"elementor_library\">\n\t\t\t<div class=\"elementor-element elementor-element-81accec e-con-full e-flex e-con e-parent\" data-id=\"81accec\" data-element_type=\"container\">\n\t\t\t\t<div class=\"elementor-element elementor-element-94973ed elementor-widget elementor-widget-image\" data-id=\"94973ed\" data-element_type=\"widget\" data-widget_type=\"image.default\">\n\t\t\t\t\t\t\t\t\t\t\t\t\t\t\t<img fetchpriority=\"high\" decoding=\"async\" width=\"1868\" height=\"600\" src=\"https:\/\/innovista.com.vn\/wp-content\/uploads\/2025\/09\/banner-meet-our-teams.jpg\" class=\"attachment-full size-full wp-image-647\" alt=\"\" srcset=\"https:\/\/innovista.com.vn\/wp-content\/uploads\/2025\/09\/banner-meet-our-teams.jpg 1868w, https:\/\/innovista.com.vn\/wp-content\/uploads\/2025\/09\/banner-meet-our-teams-300x96.jpg 300w, https:\/\/innovista.com.vn\/wp-content\/uploads\/2025\/09\/banner-meet-our-teams-1024x329.jpg 1024w, https:\/\/innovista.com.vn\/wp-content\/uploads\/2025\/09\/banner-meet-our-teams-768x247.jpg 768w, https:\/\/innovista.com.vn\/wp-content\/uploads\/2025\/09\/banner-meet-our-teams-1536x493.jpg 1536w\" sizes=\"(max-width: 1868px) 100vw, 1868px\" \/>\t\t\t\t\t\t\t\t\t\t\t\t\t\t\t<\/div>\n\t\t\t\t<\/div>\n\t\t\t\t<\/div>\n\t\t\t\t<\/div>\n\t\t\t\t\t\t<\/div>\n\t\t\t\t<\/div>\n\t\t\t\t<\/div>\n\t\t<div class=\"elementor-element elementor-element-7eb511c e-flex e-con-boxed e-con e-parent\" data-id=\"7eb511c\" data-element_type=\"container\">\n\t\t\t\t\t<div class=\"e-con-inner\">\n\t\t<div class=\"elementor-element elementor-element-be3741c e-con-full e-flex e-con e-child\" data-id=\"be3741c\" data-element_type=\"container\">\n\t\t<div class=\"elementor-element elementor-element-3b9c8f4 e-con-full e-flex e-con e-child\" data-id=\"3b9c8f4\" data-element_type=\"container\" data-settings=\"{&quot;background_background&quot;:&quot;classic&quot;}\">\n\t\t\t\t<div class=\"elementor-element elementor-element-5e7cc42 elementor-widget elementor-widget-heading\" data-id=\"5e7cc42\" data-element_type=\"widget\" data-widget_type=\"heading.default\">\n\t\t\t\t\t<h3 class=\"elementor-heading-title elementor-size-default\">HAI HUYNH<\/h3>\t\t\t\t<\/div>\n\t\t\t\t<div class=\"elementor-element elementor-element-e75b8d6 elementor-widget elementor-widget-heading\" data-id=\"e75b8d6\" data-element_type=\"widget\" data-widget_type=\"heading.default\">\n\t\t\t\t\t<p class=\"elementor-heading-title elementor-size-default\">T\u1ed5ng Gi\u00e1m \u0110\u1ed1c<\/p>\t\t\t\t<\/div>\n\t\t\t\t<div class=\"elementor-element elementor-element-74365cc elementor-widget elementor-widget-text-editor\" data-id=\"74365cc\" data-element_type=\"widget\" data-widget_type=\"text-editor.default\">\n\t\t\t\t\t\t\t\t\t<p>\u00d4ng H\u1ea3i Hu\u1ef3nh l\u00e0 nh\u00e0 \u0111i\u1ec1u h\u00e0nh trong l\u0129nh v\u1ef1c b\u1ea5t \u0111\u1ed9ng s\u1ea3n v\u1edbi h\u01a1n 20 n\u0103m kinh nghi\u1ec7m, tr\u1ea3i d\u00e0i tr\u00ean c\u00e1c ph\u00e2n kh\u00fac nh\u00e0 \u1edf, th\u01b0\u01a1ng m\u1ea1i v\u00e0 th\u1ecb tr\u01b0\u1eddng qu\u1ed1c t\u1ebf. T\u1ed1t nghi\u1ec7p \u0110\u1ea1i h\u1ecdc Utah (Hoa K\u1ef3), \u00f4ng b\u1eaft \u0111\u1ea7u s\u1ef1 nghi\u1ec7p b\u1eb1ng vi\u1ec7c \u0111\u1ea7u t\u01b0 v\u00e0o th\u1ecb tr\u01b0\u1eddng b\u1ea5t \u0111\u1ed9ng s\u1ea3n nh\u00e0 \u1edf t\u1ea1i M\u1ef9, tr\u01b0\u1edbc khi chuy\u1ec3n sang l\u0129nh v\u1ef1c b\u1ea5t \u0111\u1ed9ng s\u1ea3n th\u01b0\u01a1ng m\u1ea1i, n\u01a1i \u00f4ng x\u00e2y d\u1ef1ng \u0111\u01b0\u1ee3c uy t\u00edn v\u1ec1 t\u01b0 duy chi\u1ebfn l\u01b0\u1ee3c v\u00e0 n\u0103ng l\u1ef1c \u0111\u1ea7u t\u01b0.<\/p>\n<p>Nh\u1eadn th\u1ea5y ti\u1ec1m n\u0103ng t\u0103ng tr\u01b0\u1edfng m\u1ea1nh m\u1ebd c\u1ee7a th\u1ecb tr\u01b0\u1eddng Vi\u1ec7t Nam, \u00f4ng H\u1ea3i tr\u1edf v\u1ec1 n\u01b0\u1edbc v\u00e0 \u0111\u1ea3m nhi\u1ec7m vai tr\u00f2 Gi\u00e1m \u0111\u1ed1c V\u1eadn h\u00e0nh (COO) c\u1ee7a ERA Vietnam Real Estate - th\u01b0\u01a1ng hi\u1ec7u m\u00f4i gi\u1edbi b\u1ea5t \u0111\u1ed9ng s\u1ea3n to\u00e0n c\u1ea7u hi\u1ec7n di\u1ec7n t\u1ea1i h\u01a1n 35 qu\u1ed1c gia - trong su\u1ed1t 5 n\u0103m. T\u1ea1i \u0111\u00e2y, \u00f4ng \u0111\u00e3 d\u1eabn d\u1eaft nhi\u1ec1u s\u00e1ng ki\u1ebfn quan tr\u1ecdng v\u00e0 t\u01b0 v\u1ea5n cho c\u00e1c ch\u1ee7 \u0111\u1ea7u t\u01b0 h\u00e0ng \u0111\u1ea7u trong khu v\u1ef1c.<\/p>\n<p>Hi\u1ec7n nay, v\u1edbi vai tr\u00f2 CEO c\u1ee7a Innovista, \u00f4ng H\u1ea3i Hu\u1ef3nh mang nh\u1eefng kinh nghi\u1ec7m th\u1ef1c h\u00e0nh t\u1ed1t nh\u1ea5t t\u1eeb th\u1ecb tr\u01b0\u1eddng qu\u1ed1c t\u1ebf v\u00e0o c\u00e1c c\u01a1 h\u1ed9i t\u1ea1i \u0111\u1ecba ph\u01b0\u01a1ng, th\u00fac \u0111\u1ea9y t\u0103ng tr\u01b0\u1edfng s\u00e1ng t\u1ea1o v\u00e0 b\u1ec1n v\u1eefng cho l\u0129nh v\u1ef1c b\u1ea5t \u0111\u1ed9ng s\u1ea3n t\u1ea1i Vi\u1ec7t Nam.<\/p>\t\t\t\t\t\t\t\t<\/div>\n\t\t\t\t<\/div>\n\t\t<div class=\"elementor-element elementor-element-e04f0bd e-con-full e-flex e-con e-child\" data-id=\"e04f0bd\" data-element_type=\"container\">\n\t\t\t\t<div class=\"elementor-element elementor-element-d4f51f4 elementor-widget elementor-widget-image\" data-id=\"d4f51f4\" data-element_type=\"widget\" data-widget_type=\"image.default\">\n\t\t\t\t\t\t\t\t\t\t\t\t\t\t\t<img decoding=\"async\" width=\"617\" height=\"775\" src=\"https:\/\/innovista.com.vn\/wp-content\/uploads\/2025\/09\/hai-huynh-2.png\" class=\"attachment-full size-full wp-image-674\" alt=\"\" srcset=\"https:\/\/innovista.com.vn\/wp-content\/uploads\/2025\/09\/hai-huynh-2.png 617w, https:\/\/innovista.com.vn\/wp-content\/uploads\/2025\/09\/hai-huynh-2-239x300.png 239w\" sizes=\"(max-width: 617px) 100vw, 617px\" \/>\t\t\t\t\t\t\t\t\t\t\t\t\t\t\t<\/div>\n\t\t\t\t<\/div>\n\t\t\t\t<\/div>\n\t\t<div class=\"elementor-element elementor-element-75d9628 e-con-full e-flex e-con e-child\" data-id=\"75d9628\" data-element_type=\"container\">\n\t\t<div class=\"elementor-element elementor-element-1c0e987 e-con-full e-flex e-con e-child\" data-id=\"1c0e987\" data-element_type=\"container\">\n\t\t\t\t<div class=\"elementor-element elementor-element-83523aa elementor-widget elementor-widget-image\" data-id=\"83523aa\" data-element_type=\"widget\" data-widget_type=\"image.default\">\n\t\t\t\t\t\t\t\t\t\t\t\t\t\t\t<img decoding=\"async\" width=\"632\" height=\"790\" src=\"https:\/\/innovista.com.vn\/wp-content\/uploads\/2025\/09\/alexis-huynh-2.png\" class=\"attachment-full size-full wp-image-684\" alt=\"\" srcset=\"https:\/\/innovista.com.vn\/wp-content\/uploads\/2025\/09\/alexis-huynh-2.png 632w, https:\/\/innovista.com.vn\/wp-content\/uploads\/2025\/09\/alexis-huynh-2-240x300.png 240w\" sizes=\"(max-width: 632px) 100vw, 632px\" \/>\t\t\t\t\t\t\t\t\t\t\t\t\t\t\t<\/div>\n\t\t\t\t<\/div>\n\t\t<div class=\"elementor-element elementor-element-ee87d6b e-con-full e-flex e-con e-child\" data-id=\"ee87d6b\" data-element_type=\"container\" data-settings=\"{&quot;background_background&quot;:&quot;classic&quot;}\">\n\t\t\t\t<div class=\"elementor-element elementor-element-b0656c5 elementor-widget elementor-widget-heading\" data-id=\"b0656c5\" data-element_type=\"widget\" data-widget_type=\"heading.default\">\n\t\t\t\t\t<h3 class=\"elementor-heading-title elementor-size-default\">ALEXIS HUYNH<\/h3>\t\t\t\t<\/div>\n\t\t\t\t<div class=\"elementor-element elementor-element-eb39676 elementor-widget elementor-widget-heading\" data-id=\"eb39676\" data-element_type=\"widget\" data-widget_type=\"heading.default\">\n\t\t\t\t\t<p class=\"elementor-heading-title elementor-size-default\">Ban T\u1ed5ng Gi\u00e1m \u0110\u1ed1c<\/p>\t\t\t\t<\/div>\n\t\t\t\t<div class=\"elementor-element elementor-element-c816072 elementor-widget elementor-widget-text-editor\" data-id=\"c816072\" data-element_type=\"widget\" data-widget_type=\"text-editor.default\">\n\t\t\t\t\t\t\t\t\t<p>B\u00e0 Alexis Huynh c\u00f3 h\u01a1n 20 n\u0103m kinh nghi\u1ec7m chuy\u00ean m\u00f4n trong l\u0129nh v\u1ef1c b\u1ea5t \u0111\u1ed9ng s\u1ea3n t\u1ea1i Hoa K\u1ef3, v\u1edbi th\u00e0nh t\u00edch n\u1ed5i b\u1eadt \u1edf c\u1ea3 ph\u00e2n kh\u00fac nh\u00e0 \u1edf v\u00e0 th\u01b0\u01a1ng m\u1ea1i. L\u1edbn l\u00ean v\u00e0 l\u00e0m vi\u1ec7c t\u1ea1i M\u1ef9, b\u00e0 s\u1edf h\u1eefu s\u1ef1 am hi\u1ec3u s\u00e2u s\u1eafc v\u1ec1 xu h\u01b0\u1edbng th\u1ecb tr\u01b0\u1eddng khu v\u1ef1c, m\u00f4i tr\u01b0\u1eddng ph\u00e1p l\u00fd v\u00e0 k\u1ef3 v\u1ecdng c\u1ee7a kh\u00e1ch h\u00e0ng. <br \/><br \/>L\u00e0 m\u1ed9t nh\u00e0 m\u00f4i gi\u1edbi b\u1ea5t \u0111\u1ed9ng s\u1ea3n \u0111\u01b0\u1ee3c c\u1ea5p ph\u00e9p, b\u00e0 Alexis \u0111\u00e3 tr\u1ef1c ti\u1ebfp d\u1eabn d\u1eaft nhi\u1ec1u giao d\u1ecbch ph\u1ee9c t\u1ea1p, t\u01b0 v\u1ea5n cho \u0111a d\u1ea1ng nh\u00f3m kh\u00e1ch h\u00e0ng v\u00e0 x\u00e2y d\u1ef1ng m\u1ea1ng l\u01b0\u1edbi quan h\u1ec7 b\u1ec1n v\u1eefng trong ng\u00e0nh. V\u1edbi n\u1ec1n t\u1ea3ng chuy\u00ean m\u00f4n v\u1eefng ch\u1eafc c\u00f9ng g\u00f3c nh\u00ecn chi\u1ebfn l\u01b0\u1ee3c, b\u00e0 \u0111\u00f3ng vai tr\u00f2 quan tr\u1ecdng trong Ban T\u1ed5ng Gi\u00e1m \u0110\u1ed1c c\u1ee7a Innovista, g\u00f3p ph\u1ea7n \u0111\u1ecbnh h\u01b0\u1edbng t\u0103ng tr\u01b0\u1edfng v\u00e0 n\u00e2ng cao ch\u1ea5t l\u01b0\u1ee3ng c\u00e1c gi\u1ea3i ph\u00e1p t\u01b0 v\u1ea5n b\u1ea5t \u0111\u1ed9ng s\u1ea3n c\u00f3 t\u00e1c \u0111\u1ed9ng cao.<\/p>\t\t\t\t\t\t\t\t<\/div>\n\t\t\t\t<\/div>\n\t\t\t\t<\/div>\n\t\t\t\t\t<\/div>\n\t\t\t\t<\/div>\n\t\t<div class=\"elementor-element elementor-element-8325140 e-flex e-con-boxed e-con e-parent\" data-id=\"8325140\" data-element_type=\"container\">\n\t\t\t\t\t<div class=\"e-con-inner\">\n\t\t\t\t<div class=\"elementor-element elementor-element-8981936 title-block elementor-widget elementor-widget-heading\" data-id=\"8981936\" data-element_type=\"widget\" data-widget_type=\"heading.default\">\n\t\t\t\t\t<h2 class=\"elementor-heading-title elementor-size-default\">H\u1ed8I \u0110\u1ed2NG C\u1ed0 V\u1ea4N<\/h2>\t\t\t\t<\/div>\n\t\t<div class=\"elementor-element elementor-element-78c0b3e e-con-full e-flex e-con e-child\" data-id=\"78c0b3e\" data-element_type=\"container\">\n\t\t<div class=\"elementor-element elementor-element-9460033 e-con-full e-flex e-con e-child\" data-id=\"9460033\" data-element_type=\"container\">\n\t\t\t\t<div class=\"elementor-element elementor-element-844fae7 elementor-widget elementor-widget-image\" data-id=\"844fae7\" data-element_type=\"widget\" data-widget_type=\"image.default\">\n\t\t\t\t\t\t\t\t\t\t\t\t\t\t\t<img loading=\"lazy\" decoding=\"async\" width=\"292\" height=\"292\" src=\"https:\/\/innovista.com.vn\/wp-content\/uploads\/2025\/09\/sherry-chris.png\" class=\"attachment-full size-full wp-image-714\" alt=\"\" srcset=\"https:\/\/innovista.com.vn\/wp-content\/uploads\/2025\/09\/sherry-chris.png 292w, https:\/\/innovista.com.vn\/wp-content\/uploads\/2025\/09\/sherry-chris-150x150.png 150w\" sizes=\"(max-width: 292px) 100vw, 292px\" \/>\t\t\t\t\t\t\t\t\t\t\t\t\t\t\t<\/div>\n\t\t\t\t<div class=\"elementor-element elementor-element-9c72319 elementor-widget elementor-widget-heading\" data-id=\"9c72319\" data-element_type=\"widget\" data-widget_type=\"heading.default\">\n\t\t\t\t\t<h4 class=\"elementor-heading-title elementor-size-default\">SHERRY CHRIS<\/h4>\t\t\t\t<\/div>\n\t\t\t\t<div class=\"elementor-element elementor-element-284e2c7 elementor-widget elementor-widget-heading\" data-id=\"284e2c7\" data-element_type=\"widget\" data-widget_type=\"heading.default\">\n\t\t\t\t\t<p class=\"elementor-heading-title elementor-size-default\">C\u1ed1 v\u1ea5n \u0110i\u1ec1u h\u00e0nh \u2013 Anywhere Real Estate (Hoa K\u1ef3)<\/p>\t\t\t\t<\/div>\n\t\t\t\t<\/div>\n\t\t<div class=\"elementor-element elementor-element-a49d849 e-con-full e-flex e-con e-child\" data-id=\"a49d849\" data-element_type=\"container\">\n\t\t\t\t<div class=\"elementor-element elementor-element-90b39af elementor-widget elementor-widget-image\" data-id=\"90b39af\" data-element_type=\"widget\" data-widget_type=\"image.default\">\n\t\t\t\t\t\t\t\t\t\t\t\t\t\t\t<img loading=\"lazy\" decoding=\"async\" width=\"299\" height=\"315\" src=\"https:\/\/innovista.com.vn\/wp-content\/uploads\/2025\/09\/carmen-chong.png\" class=\"attachment-full size-full wp-image-712\" alt=\"\" srcset=\"https:\/\/innovista.com.vn\/wp-content\/uploads\/2025\/09\/carmen-chong.png 299w, https:\/\/innovista.com.vn\/wp-content\/uploads\/2025\/09\/carmen-chong-285x300.png 285w\" sizes=\"(max-width: 299px) 100vw, 299px\" \/>\t\t\t\t\t\t\t\t\t\t\t\t\t\t\t<\/div>\n\t\t\t\t<div class=\"elementor-element elementor-element-de1e03d elementor-widget elementor-widget-heading\" data-id=\"de1e03d\" data-element_type=\"widget\" data-widget_type=\"heading.default\">\n\t\t\t\t\t<h4 class=\"elementor-heading-title elementor-size-default\">CARMEN CHONG<\/h4>\t\t\t\t<\/div>\n\t\t\t\t<div class=\"elementor-element elementor-element-6e6ac04 elementor-widget elementor-widget-heading\" data-id=\"6e6ac04\" data-element_type=\"widget\" data-widget_type=\"heading.default\">\n\t\t\t\t\t<p class=\"elementor-heading-title elementor-size-default\">T\u1ed5ng Gi\u00e1m \u0111\u1ed1c \u2013 Hi\u1ec7p h\u1ed9i B\u1ea5t \u0111\u1ed9ng s\u1ea3n ch\u00e2u \u00c1 t\u1ea1i Hoa K\u1ef3 (AREAA Global)<\/p>\t\t\t\t<\/div>\n\t\t\t\t<\/div>\n\t\t<div class=\"elementor-element elementor-element-debd9ff e-con-full e-flex e-con e-child\" data-id=\"debd9ff\" data-element_type=\"container\">\n\t\t\t\t<div class=\"elementor-element elementor-element-1d5715a elementor-widget elementor-widget-image\" data-id=\"1d5715a\" data-element_type=\"widget\" data-widget_type=\"image.default\">\n\t\t\t\t\t\t\t\t\t\t\t\t\t\t\t<img loading=\"lazy\" decoding=\"async\" width=\"300\" height=\"320\" src=\"https:\/\/innovista.com.vn\/wp-content\/uploads\/2025\/09\/michael-le-1.png\" class=\"attachment-full size-full wp-image-713\" alt=\"\" srcset=\"https:\/\/innovista.com.vn\/wp-content\/uploads\/2025\/09\/michael-le-1.png 300w, https:\/\/innovista.com.vn\/wp-content\/uploads\/2025\/09\/michael-le-1-281x300.png 281w\" sizes=\"(max-width: 300px) 100vw, 300px\" \/>\t\t\t\t\t\t\t\t\t\t\t\t\t\t\t<\/div>\n\t\t\t\t<div class=\"elementor-element elementor-element-a68256c elementor-widget elementor-widget-heading\" data-id=\"a68256c\" data-element_type=\"widget\" data-widget_type=\"heading.default\">\n\t\t\t\t\t<h4 class=\"elementor-heading-title elementor-size-default\">MICHAEL LE<\/h4>\t\t\t\t<\/div>\n\t\t\t\t<div class=\"elementor-element elementor-element-c9aa3ce elementor-widget elementor-widget-heading\" data-id=\"c9aa3ce\" data-element_type=\"widget\" data-widget_type=\"heading.default\">\n\t\t\t\t\t<p class=\"elementor-heading-title elementor-size-default\">Nh\u00e0 m\u00f4i gi\u1edbi b\u1ea5t \u0111\u1ed9ng s\u1ea3n ng\u01b0\u1eddi M\u1ef9 g\u1ed1c Vi\u1ec7t (Hoa K\u1ef3)<\/p>\t\t\t\t<\/div>\n\t\t\t\t<\/div>\n\t\t\t\t<\/div>\n\t\t\t\t\t<\/div>\n\t\t\t\t<\/div>\n\t\t\t\t<\/div>","protected":false},"excerpt":{"rendered":"<p>HAI HUYNH CEO &#8211; Board Of Director Hai Huynh is a real estate executive with over 20 years of experience spanning residential, commercial, and international markets. A University of Utah (USA) graduate, Hai began his career by investing in the U.S. residential real estate market before moving into commercial real estate, where he built a [&hellip;]<\/p>","protected":false},"author":1,"featured_media":647,"parent":0,"menu_order":0,"comment_status":"closed","ping_status":"closed","template":"elementor_header_footer","meta":{"footnotes":""},"class_list":["post-646","page","type-page","status-publish","has-post-thumbnail","hentry"],"_links":{"self":[{"href":"https:\/\/innovista.com.vn\/vi\/wp-json\/wp\/v2\/pages\/646","targetHints":{"allow":["GET"]}}],"collection":[{"href":"https:\/\/innovista.com.vn\/vi\/wp-json\/wp\/v2\/pages"}],"about":[{"href":"https:\/\/innovista.com.vn\/vi\/wp-json\/wp\/v2\/types\/page"}],"author":[{"embeddable":true,"href":"https:\/\/innovista.com.vn\/vi\/wp-json\/wp\/v2\/users\/1"}],"replies":[{"embeddable":true,"href":"https:\/\/innovista.com.vn\/vi\/wp-json\/wp\/v2\/comments?post=646"}],"version-history":[{"count":0,"href":"https:\/\/innovista.com.vn\/vi\/wp-json\/wp\/v2\/pages\/646\/revisions"}],"wp:featuredmedia":[{"embeddable":true,"href":"https:\/\/innovista.com.vn\/vi\/wp-json\/wp\/v2\/media\/647"}],"wp:attachment":[{"href":"https:\/\/innovista.com.vn\/vi\/wp-json\/wp\/v2\/media?parent=646"}],"curies":[{"name":"wp","href":"https:\/\/api.w.org\/{rel}","templated":true}]}}